{"id":6362,"date":"2024-11-06T06:50:14","date_gmt":"2024-11-06T06:50:14","guid":{"rendered":"https:\/\/demo2wpopal.b-cdn.net\/amoja\/?page_id=114"},"modified":"2025-10-10T23:08:53","modified_gmt":"2025-10-11T02:08:53","slug":"actividades-2","status":"publish","type":"page","link":"https:\/\/www.deldique.com.ar\/cabaniasdeldique\/actividades-2\/","title":{"rendered":"Actividades"},"content":{"rendered":"\t\t<div data-elementor-type=\"wp-page\" data-elementor-id=\"6362\" class=\"elementor elementor-6362\">\n\t\t\t\t<div class=\"elementor-element elementor-element-6ff7fa3 e-con-full e-flex e-con e-parent\" data-id=\"6ff7fa3\" data-element_type=\"container\">\n\t\t\t\t<div class=\"elementor-element elementor-element-408263c elementor-widget__width-inherit elementor-widget elementor-widget-spacer\" data-id=\"408263c\" data-element_type=\"widget\" data-widget_type=\"spacer.default\">\n\t\t\t\t\t\t\t<div class=\"elementor-spacer\">\n\t\t\t<div class=\"elementor-spacer-inner\"><\/div>\n\t\t<\/div>\n\t\t\t\t\t\t<\/div>\n\t\t\t\t<\/div>\n\t\t<div class=\"elementor-element elementor-element-12eb306 e-flex e-con-boxed e-con e-parent\" data-id=\"12eb306\" data-element_type=\"container\" data-settings=\"{&quot;background_background&quot;:&quot;classic&quot;}\">\n\t\t\t\t\t<div class=\"e-con-inner\">\n\t\t\t\t<div class=\"elementor-element elementor-element-5da0b28 animated-fast elementor-invisible elementor-widget elementor-widget-heading\" data-id=\"5da0b28\" data-element_type=\"widget\" data-settings=\"{&quot;_animation&quot;:&quot;opal-move-up&quot;}\" data-widget_type=\"heading.default\">\n\t\t\t\t\t<h1 class=\"elementor-heading-title elementor-size-default\">Experiencias<\/h1>\t\t\t\t<\/div>\n\t\t\t\t<div class=\"elementor-element elementor-element-b0dcedf animated-fast elementor-invisible elementor-widget elementor-widget-text-editor\" data-id=\"b0dcedf\" data-element_type=\"widget\" data-settings=\"{&quot;_animation&quot;:&quot;opal-move-up&quot;,&quot;_animation_delay&quot;:300}\" data-widget_type=\"text-editor.default\">\n\t\t\t\t\t\t\t\t\t<p>Que quedar\u00e1n en tus recuerdos<\/p>\t\t\t\t\t\t\t\t<\/div>\n\t\t\t\t\t<\/div>\n\t\t\t\t<\/div>\n\t\t                <div class=\"custom-elementor-parallax\" data-id=\"12eb306\" data-settings=\"{&quot;type&quot;:&quot;scroll&quot;,&quot;speed&quot;:&quot;1.2&quot;,&quot;keepImg&quot;:&quot;true&quot;,&quot;imgSize&quot;:&quot;cover&quot;,&quot;imgPosition&quot;:&quot;50% 0%&quot;,&quot;noAndroid&quot;:&quot;false&quot;,&quot;noIos&quot;:&quot;false&quot;}\"><\/div>\n            <div class=\"elementor-element elementor-element-34f120b e-con-full e-flex e-con e-parent\" data-id=\"34f120b\" data-element_type=\"container\">\n\t\t\t\t<div class=\"elementor-element elementor-element-0dde81a elementor-widget elementor-widget-heading\" data-id=\"0dde81a\" data-element_type=\"widget\" data-widget_type=\"heading.default\">\n\t\t\t\t\t<div class=\"elementor-heading-title elementor-size-default\">Imaginar<\/div>\t\t\t\t<\/div>\n\t\t\t\t<div class=\"elementor-element elementor-element-1858d6d elementor-widget elementor-widget-amoja-imgbox-carousel\" data-id=\"1858d6d\" data-element_type=\"widget\" data-settings=\"{&quot;_animation&quot;:&quot;none&quot;}\" data-widget_type=\"amoja-imgbox-carousel.default\">\n\t\t\t\t<div class=\"elementor-widget-container\">\n\t\t\t\t\t\n            <div class=\"elementor-imgbox-item-wrapper\">\n                <div class=\"alignment-center layout-1 d-grid\">\n                                            <div class=\"grid-item elementor-imgbox-item\">\n                            <div class=\"elementor-imgbox-wrapper elementor-repeater-item-8454e31\">\n                                <div class=\"elementer-imgbox-inner\">\n                                                                                        <div class=\"box-image\">\n                <a href=\"#\">\n                    <img fetchpriority=\"high\" decoding=\"async\" width=\"1600\" height=\"1067\" src=\"https:\/\/www.deldique.com.ar\/cabaniasdeldique\/wp-content\/uploads\/2025\/01\/IMG_2562.jpg\" class=\"attachment-full size-full wp-image-6713\" alt=\"\" srcset=\"https:\/\/www.deldique.com.ar\/cabaniasdeldique\/wp-content\/uploads\/2025\/01\/IMG_2562.jpg 1600w, https:\/\/www.deldique.com.ar\/cabaniasdeldique\/wp-content\/uploads\/2025\/01\/IMG_2562-300x200.jpg 300w, https:\/\/www.deldique.com.ar\/cabaniasdeldique\/wp-content\/uploads\/2025\/01\/IMG_2562-1024x683.jpg 1024w, https:\/\/www.deldique.com.ar\/cabaniasdeldique\/wp-content\/uploads\/2025\/01\/IMG_2562-768x512.jpg 768w, https:\/\/www.deldique.com.ar\/cabaniasdeldique\/wp-content\/uploads\/2025\/01\/IMG_2562-1536x1024.jpg 1536w\" sizes=\"(max-width: 1600px) 100vw, 1600px\" \/>                <\/a>\n            <\/div>\n                                                                                <div class=\"elementor-icon-box-content elementor-button-type-outline elementor-widget-amoja-button\">\n                                                                                                                                                                    <a href=\"#\"><h6 class=\"elementor-imgbox-title\">En el Lago<\/h6><\/a>\n                                        \n                                        <div class=\"imgbox-meta\">\n                                                                                            <p class=\"elementor-imgbox-desc\">En lanchas, moto de agua, kayak, botes a pedal y m\u00e1s.\nEl lago te ofrece todo para divertirte y disfrutar cada d\u00eda.<\/p>\n                                                                                                                                <\/div>\n                                    <\/div>\n                                <\/div>\n                            <\/div>\n                        <\/div>\n                                            <div class=\"grid-item elementor-imgbox-item\">\n                            <div class=\"elementor-imgbox-wrapper elementor-repeater-item-42f6a6b\">\n                                <div class=\"elementer-imgbox-inner\">\n                                                                                        <div class=\"box-image\">\n                <a href=\"#\">\n                    <img decoding=\"async\" width=\"1920\" height=\"1080\" src=\"https:\/\/www.deldique.com.ar\/cabaniasdeldique\/wp-content\/uploads\/2025\/01\/20241106_190113-scaled.jpg\" class=\"attachment-full size-full wp-image-6714\" alt=\"\" srcset=\"https:\/\/www.deldique.com.ar\/cabaniasdeldique\/wp-content\/uploads\/2025\/01\/20241106_190113-scaled.jpg 1920w, https:\/\/www.deldique.com.ar\/cabaniasdeldique\/wp-content\/uploads\/2025\/01\/20241106_190113-300x169.jpg 300w, https:\/\/www.deldique.com.ar\/cabaniasdeldique\/wp-content\/uploads\/2025\/01\/20241106_190113-1024x577.jpg 1024w, https:\/\/www.deldique.com.ar\/cabaniasdeldique\/wp-content\/uploads\/2025\/01\/20241106_190113-768x432.jpg 768w, https:\/\/www.deldique.com.ar\/cabaniasdeldique\/wp-content\/uploads\/2025\/01\/20241106_190113-1536x865.jpg 1536w, https:\/\/www.deldique.com.ar\/cabaniasdeldique\/wp-content\/uploads\/2025\/01\/20241106_190113-2048x1153.jpg 2048w\" sizes=\"(max-width: 1920px) 100vw, 1920px\" \/>                <\/a>\n            <\/div>\n                                                                                <div class=\"elementor-icon-box-content elementor-button-type-outline elementor-widget-amoja-button\">\n                                                                                                                                                                    <a href=\"#\"><h6 class=\"elementor-imgbox-title\">Piscina<\/h6><\/a>\n                                        \n                                        <div class=\"imgbox-meta\">\n                                                                                            <p class=\"elementor-imgbox-desc\">Nadar, compartir, relajarte o refrescarte.\nCon sistema de cloraci\u00f3n sin qu\u00edmicos para disfrutar a pleno los d\u00edas de sol.<\/p>\n                                                                                                                                <\/div>\n                                    <\/div>\n                                <\/div>\n                            <\/div>\n                        <\/div>\n                                            <div class=\"grid-item elementor-imgbox-item\">\n                            <div class=\"elementor-imgbox-wrapper elementor-repeater-item-3f0f83f\">\n                                <div class=\"elementer-imgbox-inner\">\n                                                                                        <div class=\"box-image\">\n                <a href=\"#\">\n                    <img decoding=\"async\" width=\"950\" height=\"500\" src=\"https:\/\/www.deldique.com.ar\/cabaniasdeldique\/wp-content\/uploads\/2012\/09\/a22.jpg\" class=\"attachment-full size-full wp-image-463\" alt=\"\" srcset=\"https:\/\/www.deldique.com.ar\/cabaniasdeldique\/wp-content\/uploads\/2012\/09\/a22.jpg 950w, https:\/\/www.deldique.com.ar\/cabaniasdeldique\/wp-content\/uploads\/2012\/09\/a22-300x157.jpg 300w, https:\/\/www.deldique.com.ar\/cabaniasdeldique\/wp-content\/uploads\/2012\/09\/a22-480x252.jpg 480w\" sizes=\"(max-width: 950px) 100vw, 950px\" \/>                <\/a>\n            <\/div>\n                                                                                <div class=\"elementor-icon-box-content elementor-button-type-outline elementor-widget-amoja-button\">\n                                                                                                                                                                    <a href=\"#\"><h6 class=\"elementor-imgbox-title\">Trecking<\/h6><\/a>\n                                        \n                                        <div class=\"imgbox-meta\">\n                                                                                            <p class=\"elementor-imgbox-desc\">Los atractivos naturales invitan a esta actividad.\nEn el camino se aprecia la flora y la fauna del lugar.<\/p>\n                                                                                                                                <\/div>\n                                    <\/div>\n                                <\/div>\n                            <\/div>\n                        <\/div>\n                                            <div class=\"grid-item elementor-imgbox-item\">\n                            <div class=\"elementor-imgbox-wrapper elementor-repeater-item-bcbce51\">\n                                <div class=\"elementer-imgbox-inner\">\n                                                                                        <div class=\"box-image\">\n                <a href=\"#\">\n                    <img loading=\"lazy\" decoding=\"async\" width=\"1280\" height=\"847\" src=\"https:\/\/www.deldique.com.ar\/cabaniasdeldique\/wp-content\/uploads\/2025\/01\/471367624_1126599792163269_318856083095909518_n.jpeg\" class=\"attachment-full size-full wp-image-6715\" alt=\"\" srcset=\"https:\/\/www.deldique.com.ar\/cabaniasdeldique\/wp-content\/uploads\/2025\/01\/471367624_1126599792163269_318856083095909518_n.jpeg 1280w, https:\/\/www.deldique.com.ar\/cabaniasdeldique\/wp-content\/uploads\/2025\/01\/471367624_1126599792163269_318856083095909518_n-300x199.jpeg 300w, https:\/\/www.deldique.com.ar\/cabaniasdeldique\/wp-content\/uploads\/2025\/01\/471367624_1126599792163269_318856083095909518_n-1024x678.jpeg 1024w, https:\/\/www.deldique.com.ar\/cabaniasdeldique\/wp-content\/uploads\/2025\/01\/471367624_1126599792163269_318856083095909518_n-768x508.jpeg 768w\" sizes=\"(max-width: 1280px) 100vw, 1280px\" \/>                <\/a>\n            <\/div>\n                                                                                <div class=\"elementor-icon-box-content elementor-button-type-outline elementor-widget-amoja-button\">\n                                                                                                                                                                    <a href=\"#\"><h6 class=\"elementor-imgbox-title\">Familia<\/h6><\/a>\n                                        \n                                        <div class=\"imgbox-meta\">\n                                                                                            <p class=\"elementor-imgbox-desc\">Actividades organizas por las autoridades locales, para compartir en familia.\nEspect\u00e1culos en vivo, a cargo de artistas locales y regionales. \nActividades para ni\u00f1os\/as, feria y paseo de artesanos, y la oferta gastron\u00f3mica que ofrecen las calles del centro.<\/p>\n                                                                                                                                <\/div>\n                                    <\/div>\n                                <\/div>\n                            <\/div>\n                        <\/div>\n                                            <div class=\"grid-item elementor-imgbox-item\">\n                            <div class=\"elementor-imgbox-wrapper elementor-repeater-item-8df5591\">\n                                <div class=\"elementer-imgbox-inner\">\n                                                                                        <div class=\"box-image\">\n                <a href=\"#\">\n                    <img loading=\"lazy\" decoding=\"async\" width=\"950\" height=\"500\" src=\"https:\/\/www.deldique.com.ar\/cabaniasdeldique\/wp-content\/uploads\/2025\/01\/Okfest_3.jpg\" class=\"attachment-full size-full wp-image-6716\" alt=\"\" srcset=\"https:\/\/www.deldique.com.ar\/cabaniasdeldique\/wp-content\/uploads\/2025\/01\/Okfest_3.jpg 950w, https:\/\/www.deldique.com.ar\/cabaniasdeldique\/wp-content\/uploads\/2025\/01\/Okfest_3-300x158.jpg 300w, https:\/\/www.deldique.com.ar\/cabaniasdeldique\/wp-content\/uploads\/2025\/01\/Okfest_3-768x404.jpg 768w\" sizes=\"(max-width: 950px) 100vw, 950px\" \/>                <\/a>\n            <\/div>\n                                                                                <div class=\"elementor-icon-box-content elementor-button-type-outline elementor-widget-amoja-button\">\n                                                                                                                                                                    <a href=\"#\"><h6 class=\"elementor-imgbox-title\">Eventos zonales<\/h6><\/a>\n                                        \n                                        <div class=\"imgbox-meta\">\n                                                                                            <p class=\"elementor-imgbox-desc\">Nos convertimos en un lugar estrat\u00e9gico, muy pr\u00f3ximo a los destinos donde se realizan festivales durante todo el a\u00f1o.<\/p>\n                                                                                                                                <\/div>\n                                    <\/div>\n                                <\/div>\n                            <\/div>\n                        <\/div>\n                                            <div class=\"grid-item elementor-imgbox-item\">\n                            <div class=\"elementor-imgbox-wrapper elementor-repeater-item-97545d7\">\n                                <div class=\"elementer-imgbox-inner\">\n                                                                                        <div class=\"box-image\">\n                <a href=\"#\">\n                    <img loading=\"lazy\" decoding=\"async\" width=\"608\" height=\"1080\" src=\"https:\/\/www.deldique.com.ar\/cabaniasdeldique\/wp-content\/uploads\/2025\/01\/IMG-20180101-WA0008.jpg\" class=\"attachment-full size-full wp-image-6644\" alt=\"\" srcset=\"https:\/\/www.deldique.com.ar\/cabaniasdeldique\/wp-content\/uploads\/2025\/01\/IMG-20180101-WA0008.jpg 608w, https:\/\/www.deldique.com.ar\/cabaniasdeldique\/wp-content\/uploads\/2025\/01\/IMG-20180101-WA0008-169x300.jpg 169w, https:\/\/www.deldique.com.ar\/cabaniasdeldique\/wp-content\/uploads\/2025\/01\/IMG-20180101-WA0008-576x1024.jpg 576w\" sizes=\"(max-width: 608px) 100vw, 608px\" \/>                <\/a>\n            <\/div>\n                                                                                <div class=\"elementor-icon-box-content elementor-button-type-outline elementor-widget-amoja-button\">\n                                                                                                                                                                    <a href=\"#\"><h6 class=\"elementor-imgbox-title\">Relax<\/h6><\/a>\n                                        \n                                        <div class=\"imgbox-meta\">\n                                                                                            <p class=\"elementor-imgbox-desc\">Atardeceres \u00fanicos te invitan a tomarte una pausa despu\u00e9s de un d\u00eda a pleno.<\/p>\n                                                                                                                                <\/div>\n                                    <\/div>\n                                <\/div>\n                            <\/div>\n                        <\/div>\n                                    <\/div>\n            <\/div>\n                                \t\t\t\t<\/div>\n\t\t\t\t<\/div>\n\t\t\t\t<div class=\"elementor-element elementor-element-12c0aaf elementor-widget__width-initial elementor-widget elementor-widget-heading\" data-id=\"12c0aaf\" data-element_type=\"widget\" data-widget_type=\"heading.default\">\n\t\t\t\t\t<h2 class=\"elementor-heading-title elementor-size-default\">En vacaciones, feriados largos o escapadas cortas.<\/h2>\t\t\t\t<\/div>\n\t\t\t\t<\/div>\n\t\t                <div class=\"custom-elementor-parallax\" data-id=\"34f120b\" data-settings=\"{&quot;type&quot;:&quot;scroll&quot;,&quot;speed&quot;:&quot;1.2&quot;,&quot;keepImg&quot;:&quot;true&quot;,&quot;imgSize&quot;:&quot;cover&quot;,&quot;imgPosition&quot;:&quot;50% 0%&quot;,&quot;noAndroid&quot;:&quot;false&quot;,&quot;noIos&quot;:&quot;false&quot;}\"><\/div>\n            <div class=\"elementor-element elementor-element-68d1422 e-flex e-con-boxed e-con e-parent\" data-id=\"68d1422\" data-element_type=\"container\" data-settings=\"{&quot;background_background&quot;:&quot;classic&quot;}\">\n\t\t\t\t\t<div class=\"e-con-inner\">\n\t\t\t\t<div class=\"elementor-element elementor-element-89e1612 elementor-widget elementor-widget-text-editor\" data-id=\"89e1612\" data-element_type=\"widget\" data-widget_type=\"text-editor.default\">\n\t\t\t\t\t\t\t\t\t<p>te esperamos<\/p>\t\t\t\t\t\t\t\t<\/div>\n\t\t\t\t<div class=\"elementor-element elementor-element-94b5765 elementor-widget__width-initial elementor-widget elementor-widget-heading\" data-id=\"94b5765\" data-element_type=\"widget\" data-widget_type=\"heading.default\">\n\t\t\t\t\t<h2 class=\"elementor-heading-title elementor-size-default\">Para que disfrutes tus momentos en un lugar \u00fanico.<\/h2>\t\t\t\t<\/div>\n\t\t\t\t<div class=\"elementor-element elementor-element-c14a9e9 elementor-align-center elementor-button-outline elementor-widget elementor-widget-button\" data-id=\"c14a9e9\" data-element_type=\"widget\" data-widget_type=\"button.default\">\n\t\t\t\t\t\t\t\t\t\t<a class=\"elementor-button elementor-size-sm\" role=\"button\" id=\"widget\">\n\t\t\t\t\t\t<span class=\"elementor-button-content-wrapper\">\n\t\t\t\t\t\t<span class=\"elementor-button-icon\">\n\t\t\t\t<i aria-hidden=\"true\" class=\"amoja-icon- amoja-icon-arrow-right\"><\/i>\t\t\t<\/span>\n\t\t\t\t\t\t\t\t\t<span class=\"elementor-button-text\">reservar<\/span>\n\t\t\t\t\t<\/span>\n\t\t\t\t\t<\/a>\n\t\t\t\t\t\t\t\t<\/div>\n\t\t\t\t\t<\/div>\n\t\t\t\t<\/div>\n\t\t                <div class=\"custom-elementor-parallax\" data-id=\"68d1422\" data-settings=\"{&quot;type&quot;:&quot;scroll&quot;,&quot;speed&quot;:&quot;1.2&quot;,&quot;keepImg&quot;:&quot;true&quot;,&quot;imgSize&quot;:&quot;cover&quot;,&quot;imgPosition&quot;:&quot;50% 0%&quot;,&quot;noAndroid&quot;:&quot;false&quot;,&quot;noIos&quot;:&quot;false&quot;}\"><\/div>\n            \t\t<\/div>\n\t\t","protected":false},"excerpt":{"rendered":"<p>Experiencias Que quedar\u00e1n en tus recuerdos Imaginar En el Lago En lanchas, moto de agua, kayak, botes a pedal y m\u00e1s. El lago te ofrece todo para divertirte y disfrutar cada d\u00eda. Piscina Nadar, compartir, relajarte o refrescarte. Con sistema de cloraci\u00f3n sin qu\u00edmicos para disfrutar a pleno los d\u00edas de sol. Trecking Los atractivos [&hellip;]<\/p>\n","protected":false},"author":1,"featured_media":0,"parent":0,"menu_order":0,"comment_status":"closed","ping_status":"closed","template":"template-homepage.php","meta":{"inline_featured_image":false,"footnotes":""},"class_list":["post-6362","page","type-page","status-publish","hentry"],"_links":{"self":[{"href":"https:\/\/www.deldique.com.ar\/cabaniasdeldique\/wp-json\/wp\/v2\/pages\/6362","targetHints":{"allow":["GET"]}}],"collection":[{"href":"https:\/\/www.deldique.com.ar\/cabaniasdeldique\/wp-json\/wp\/v2\/pages"}],"about":[{"href":"https:\/\/www.deldique.com.ar\/cabaniasdeldique\/wp-json\/wp\/v2\/types\/page"}],"author":[{"embeddable":true,"href":"https:\/\/www.deldique.com.ar\/cabaniasdeldique\/wp-json\/wp\/v2\/users\/1"}],"replies":[{"embeddable":true,"href":"https:\/\/www.deldique.com.ar\/cabaniasdeldique\/wp-json\/wp\/v2\/comments?post=6362"}],"version-history":[{"count":7,"href":"https:\/\/www.deldique.com.ar\/cabaniasdeldique\/wp-json\/wp\/v2\/pages\/6362\/revisions"}],"predecessor-version":[{"id":7119,"href":"https:\/\/www.deldique.com.ar\/cabaniasdeldique\/wp-json\/wp\/v2\/pages\/6362\/revisions\/7119"}],"wp:attachment":[{"href":"https:\/\/www.deldique.com.ar\/cabaniasdeldique\/wp-json\/wp\/v2\/media?parent=6362"}],"curies":[{"name":"wp","href":"https:\/\/api.w.org\/{rel}","templated":true}]}}