{"id":4282,"date":"2024-11-18T02:16:04","date_gmt":"2024-11-18T02:16:04","guid":{"rendered":"https:\/\/demo2wpopal.b-cdn.net\/amoja\/?page_id=4282"},"modified":"2025-10-10T23:43:40","modified_gmt":"2025-10-11T02:43:40","slug":"nuestro-lugar","status":"publish","type":"page","link":"https:\/\/www.deldique.com.ar\/cabaniasdeldique\/nuestro-lugar\/","title":{"rendered":"Nosotros"},"content":{"rendered":"\t\t<div data-elementor-type=\"wp-page\" data-elementor-id=\"4282\" class=\"elementor elementor-4282\">\n\t\t\t\t<div class=\"elementor-element elementor-element-32431c9 e-flex e-con-boxed e-con e-parent\" data-id=\"32431c9\" data-element_type=\"container\">\n\t\t\t\t\t<div class=\"e-con-inner\">\n\t\t<div class=\"elementor-element elementor-element-aaef32f e-con-full e-flex e-con e-child\" data-id=\"aaef32f\" data-element_type=\"container\">\n\t\t\t\t<div class=\"elementor-element elementor-element-85c8da3 elementor-widget elementor-widget-text-editor\" data-id=\"85c8da3\" data-element_type=\"widget\" data-widget_type=\"text-editor.default\">\n\t\t\t\t\t\t\t\t\t<p>Nosotros<\/p>\t\t\t\t\t\t\t\t<\/div>\n\t\t\t\t<div class=\"elementor-element elementor-element-64f2549 elementor-widget elementor-widget-heading\" data-id=\"64f2549\" data-element_type=\"widget\" data-widget_type=\"heading.default\">\n\t\t\t\t\t<h2 class=\"elementor-heading-title elementor-size-default\">Un lugar, mil sensaciones<\/h2>\t\t\t\t<\/div>\n\t\t\t\t<div class=\"elementor-element elementor-element-7b11ed3 elementor-widget-tablet_extra__width-initial elementor-widget elementor-widget-text-editor\" data-id=\"7b11ed3\" data-element_type=\"widget\" data-widget_type=\"text-editor.default\">\n\t\t\t\t\t\t\t\t\t<p><strong>S<\/strong>o\u00f1amos un lugar donde poder vivir y compartir momentos \u00fanicos con familia o amigos.<br \/>Un lugar donde relajarse sin perder la posibilidad de divertirse con actividades que ofrece el lago y el entorno natural que nos rodea.<\/p><p>Bienvenido!<\/p>\t\t\t\t\t\t\t\t<\/div>\n\t\t<div class=\"elementor-element elementor-element-08baa02 e-con-full e-flex e-con e-child\" data-id=\"08baa02\" data-element_type=\"container\">\n\t\t\t\t<div class=\"elementor-element elementor-element-067356e elementor-widget__width-initial elementor-widget elementor-widget-counter\" data-id=\"067356e\" data-element_type=\"widget\" data-widget_type=\"counter.default\">\n\t\t\t\t\t\t\t<div class=\"elementor-counter\">\n\t\t\t<div class=\"elementor-counter-title\">d\u00edas de experiencia<\/div>\t\t\t<div class=\"elementor-counter-number-wrapper\">\n\t\t\t\t<span class=\"elementor-counter-number-prefix\"><\/span>\n\t\t\t\t<span class=\"elementor-counter-number\" data-duration=\"2000\" data-to-value=\"5400\" data-from-value=\"0\">0<\/span>\n\t\t\t\t<span class=\"elementor-counter-number-suffix\"><\/span>\n\t\t\t<\/div>\n\t\t<\/div>\n\t\t\t\t\t\t<\/div>\n\t\t\t\t<div class=\"elementor-element elementor-element-9ec4072 elementor-widget__width-initial elementor-widget elementor-widget-counter\" data-id=\"9ec4072\" data-element_type=\"widget\" data-widget_type=\"counter.default\">\n\t\t\t\t\t\t\t<div class=\"elementor-counter\">\n\t\t\t<div class=\"elementor-counter-title\">hu\u00e9spedes que nos visitaron<\/div>\t\t\t<div class=\"elementor-counter-number-wrapper\">\n\t\t\t\t<span class=\"elementor-counter-number-prefix\"><\/span>\n\t\t\t\t<span class=\"elementor-counter-number\" data-duration=\"2000\" data-to-value=\"2400\" data-from-value=\"0\">0<\/span>\n\t\t\t\t<span class=\"elementor-counter-number-suffix\"><\/span>\n\t\t\t<\/div>\n\t\t<\/div>\n\t\t\t\t\t\t<\/div>\n\t\t\t\t<\/div>\n\t\t\t\t<\/div>\n\t\t<div class=\"elementor-element elementor-element-90ac641 e-con-full e-flex e-con e-child\" data-id=\"90ac641\" data-element_type=\"container\">\n\t\t\t\t<div class=\"elementor-element elementor-element-d02ee2d elementor-widget elementor-widget-image\" data-id=\"d02ee2d\" data-element_type=\"widget\" data-widget_type=\"image.default\">\n\t\t\t\t\t\t\t\t\t\t\t\t\t\t\t<img fetchpriority=\"high\" decoding=\"async\" width=\"576\" height=\"1024\" src=\"https:\/\/www.deldique.com.ar\/cabaniasdeldique\/wp-content\/uploads\/2025\/01\/IMG-20180101-WA0008-576x1024.jpg\" class=\"attachment-large size-large wp-image-6644\" alt=\"\" srcset=\"https:\/\/www.deldique.com.ar\/cabaniasdeldique\/wp-content\/uploads\/2025\/01\/IMG-20180101-WA0008-576x1024.jpg 576w, https:\/\/www.deldique.com.ar\/cabaniasdeldique\/wp-content\/uploads\/2025\/01\/IMG-20180101-WA0008-169x300.jpg 169w, https:\/\/www.deldique.com.ar\/cabaniasdeldique\/wp-content\/uploads\/2025\/01\/IMG-20180101-WA0008.jpg 608w\" sizes=\"(max-width: 576px) 100vw, 576px\" \/>\t\t\t\t\t\t\t\t\t\t\t\t\t\t\t<\/div>\n\t\t\t\t<\/div>\n\t\t\t\t\t<\/div>\n\t\t\t\t<\/div>\n\t\t<div class=\"elementor-element elementor-element-6665507 e-flex e-con-boxed e-con e-parent\" data-id=\"6665507\" data-element_type=\"container\" data-settings=\"{&quot;background_background&quot;:&quot;classic&quot;}\">\n\t\t\t\t\t<div class=\"e-con-inner\">\n\t\t<div class=\"elementor-element elementor-element-13395fc e-con-full e-flex e-con e-child\" data-id=\"13395fc\" data-element_type=\"container\" data-settings=\"{&quot;background_background&quot;:&quot;classic&quot;}\">\n\t\t\t\t<div class=\"elementor-element elementor-element-3230be8 elementor-widget elementor-widget-text-editor\" data-id=\"3230be8\" data-element_type=\"widget\" data-widget_type=\"text-editor.default\">\n\t\t\t\t\t\t\t\t\t<p>s\u00f3lo eleg\u00ed el momento<\/p>\t\t\t\t\t\t\t\t<\/div>\n\t\t\t\t<div class=\"elementor-element elementor-element-e0780f8 elementor-widget__width-initial elementor-widget elementor-widget-heading\" data-id=\"e0780f8\" data-element_type=\"widget\" data-widget_type=\"heading.default\">\n\t\t\t\t\t<h2 class=\"elementor-heading-title elementor-size-default\">Te esperamos todo el a\u00f1o<\/h2>\t\t\t\t<\/div>\n\t\t\t\t<\/div>\n\t\t<div class=\"elementor-element elementor-element-c2f2282 e-con-full e-grid e-con e-child\" data-id=\"c2f2282\" data-element_type=\"container\">\n\t\t\t\t<div class=\"elementor-element elementor-element-37ab882 elementor-view-default elementor-position-top elementor-mobile-position-top elementor-widget elementor-widget-icon-box\" data-id=\"37ab882\" data-element_type=\"widget\" data-widget_type=\"icon-box.default\">\n\t\t\t\t\t\t\t<div class=\"elementor-icon-box-wrapper\">\n\n\t\t\t\t\t\t<div class=\"elementor-icon-box-icon\">\n\t\t\t\t<span  class=\"elementor-icon elementor-animation-grow\">\n\t\t\t\t<i aria-hidden=\"true\" class=\"amoja-icon- amoja-icon-calendar-1\"><\/i>\t\t\t\t<\/span>\n\t\t\t<\/div>\n\t\t\t\n\t\t\t\t\t\t<div class=\"elementor-icon-box-content\">\n\n\t\t\t\t\t\t\t\t\t<h6 class=\"elementor-icon-box-title\">\n\t\t\t\t\t\t<span  >\n\t\t\t\t\t\t\tAbierto todo el a\u00f1o\t\t\t\t\t\t<\/span>\n\t\t\t\t\t<\/h6>\n\t\t\t\t\n\t\t\t\t\t\t\t\t\t<p class=\"elementor-icon-box-description\">\n\t\t\t\t\t\tEn vacaciones, feriados, temporada baja y alta. \t\t\t\t\t<\/p>\n\t\t\t\t\n\t\t\t<\/div>\n\t\t\t\n\t\t<\/div>\n\t\t\t\t\t\t<\/div>\n\t\t\t\t<div class=\"elementor-element elementor-element-0267cfe elementor-view-default elementor-position-top elementor-mobile-position-top elementor-widget elementor-widget-icon-box\" data-id=\"0267cfe\" data-element_type=\"widget\" data-widget_type=\"icon-box.default\">\n\t\t\t\t\t\t\t<div class=\"elementor-icon-box-wrapper\">\n\n\t\t\t\t\t\t<div class=\"elementor-icon-box-icon\">\n\t\t\t\t<span  class=\"elementor-icon elementor-animation-grow\">\n\t\t\t\t<i aria-hidden=\"true\" class=\"amoja-icon- amoja-icon-bed\"><\/i>\t\t\t\t<\/span>\n\t\t\t<\/div>\n\t\t\t\n\t\t\t\t\t\t<div class=\"elementor-icon-box-content\">\n\n\t\t\t\t\t\t\t\t\t<h6 class=\"elementor-icon-box-title\">\n\t\t\t\t\t\t<span  >\n\t\t\t\t\t\t\tUna sola planta\t\t\t\t\t\t<\/span>\n\t\t\t\t\t<\/h6>\n\t\t\t\t\n\t\t\t\t\t\t\t\t\t<p class=\"elementor-icon-box-description\">\n\t\t\t\t\t\t2 habitaciones en una sola planta para mayor comodidad y seguridad.\t\t\t\t\t<\/p>\n\t\t\t\t\n\t\t\t<\/div>\n\t\t\t\n\t\t<\/div>\n\t\t\t\t\t\t<\/div>\n\t\t\t\t<div class=\"elementor-element elementor-element-d776c7c elementor-view-default elementor-position-top elementor-mobile-position-top elementor-widget elementor-widget-icon-box\" data-id=\"d776c7c\" data-element_type=\"widget\" data-widget_type=\"icon-box.default\">\n\t\t\t\t\t\t\t<div class=\"elementor-icon-box-wrapper\">\n\n\t\t\t\t\t\t<div class=\"elementor-icon-box-icon\">\n\t\t\t\t<span  class=\"elementor-icon elementor-animation-grow\">\n\t\t\t\t<i aria-hidden=\"true\" class=\"amoja-icon- amoja-icon-sunrise\"><\/i>\t\t\t\t<\/span>\n\t\t\t<\/div>\n\t\t\t\n\t\t\t\t\t\t<div class=\"elementor-icon-box-content\">\n\n\t\t\t\t\t\t\t\t\t<h6 class=\"elementor-icon-box-title\">\n\t\t\t\t\t\t<span  >\n\t\t\t\t\t\t\tToda la naturaleza\t\t\t\t\t\t<\/span>\n\t\t\t\t\t<\/h6>\n\t\t\t\t\n\t\t\t\t\t\t\t\t\t<p class=\"elementor-icon-box-description\">\n\t\t\t\t\t\tUn entorno \u00fanico para tus d\u00edas de descanso y entretenimiento.\t\t\t\t\t<\/p>\n\t\t\t\t\n\t\t\t<\/div>\n\t\t\t\n\t\t<\/div>\n\t\t\t\t\t\t<\/div>\n\t\t\t\t<div class=\"elementor-element elementor-element-ff10505 elementor-view-default elementor-position-top elementor-mobile-position-top elementor-widget elementor-widget-icon-box\" data-id=\"ff10505\" data-element_type=\"widget\" data-widget_type=\"icon-box.default\">\n\t\t\t\t\t\t\t<div class=\"elementor-icon-box-wrapper\">\n\n\t\t\t\t\t\t<div class=\"elementor-icon-box-icon\">\n\t\t\t\t<span  class=\"elementor-icon elementor-animation-grow\">\n\t\t\t\t<i aria-hidden=\"true\" class=\"amoja-icon- amoja-icon-location-1\"><\/i>\t\t\t\t<\/span>\n\t\t\t<\/div>\n\t\t\t\n\t\t\t\t\t\t<div class=\"elementor-icon-box-content\">\n\n\t\t\t\t\t\t\t\t\t<h6 class=\"elementor-icon-box-title\">\n\t\t\t\t\t\t<span  >\n\t\t\t\t\t\t\tTodo al alcance\t\t\t\t\t\t<\/span>\n\t\t\t\t\t<\/h6>\n\t\t\t\t\n\t\t\t\t\t\t\t\t\t<p class=\"elementor-icon-box-description\">\n\t\t\t\t\t\tUbicados a pocas cuadras del centro, sobre la costa del lago.\t\t\t\t\t<\/p>\n\t\t\t\t\n\t\t\t<\/div>\n\t\t\t\n\t\t<\/div>\n\t\t\t\t\t\t<\/div>\n\t\t\t\t<div class=\"elementor-element elementor-element-4f43c6c elementor-view-default elementor-position-top elementor-mobile-position-top elementor-widget elementor-widget-icon-box\" data-id=\"4f43c6c\" data-element_type=\"widget\" data-widget_type=\"icon-box.default\">\n\t\t\t\t\t\t\t<div class=\"elementor-icon-box-wrapper\">\n\n\t\t\t\t\t\t<div class=\"elementor-icon-box-icon\">\n\t\t\t\t<span  class=\"elementor-icon elementor-animation-grow\">\n\t\t\t\t<i aria-hidden=\"true\" class=\"amoja-icon- amoja-icon-swimming\"><\/i>\t\t\t\t<\/span>\n\t\t\t<\/div>\n\t\t\t\n\t\t\t\t\t\t<div class=\"elementor-icon-box-content\">\n\n\t\t\t\t\t\t\t\t\t<h6 class=\"elementor-icon-box-title\">\n\t\t\t\t\t\t<span  >\n\t\t\t\t\t\t\tComodidades\t\t\t\t\t\t<\/span>\n\t\t\t\t\t<\/h6>\n\t\t\t\t\n\t\t\t\t\t\t\t\t\t<p class=\"elementor-icon-box-description\">\n\t\t\t\t\t\tPiscina, galer\u00eda cubierta, asador individual.\t\t\t\t\t<\/p>\n\t\t\t\t\n\t\t\t<\/div>\n\t\t\t\n\t\t<\/div>\n\t\t\t\t\t\t<\/div>\n\t\t\t\t<div class=\"elementor-element elementor-element-4b8ee9f elementor-view-default elementor-position-top elementor-mobile-position-top elementor-widget elementor-widget-icon-box\" data-id=\"4b8ee9f\" data-element_type=\"widget\" data-widget_type=\"icon-box.default\">\n\t\t\t\t\t\t\t<div class=\"elementor-icon-box-wrapper\">\n\n\t\t\t\t\t\t<div class=\"elementor-icon-box-icon\">\n\t\t\t\t<span  class=\"elementor-icon elementor-animation-grow\">\n\t\t\t\t<i aria-hidden=\"true\" class=\"amoja-icon- amoja-icon-parking-area\"><\/i>\t\t\t\t<\/span>\n\t\t\t<\/div>\n\t\t\t\n\t\t\t\t\t\t<div class=\"elementor-icon-box-content\">\n\n\t\t\t\t\t\t\t\t\t<h6 class=\"elementor-icon-box-title\">\n\t\t\t\t\t\t<span  >\n\t\t\t\t\t\t\tEstacionamiento\t\t\t\t\t\t<\/span>\n\t\t\t\t\t<\/h6>\n\t\t\t\t\n\t\t\t\t\t\t\t\t\t<p class=\"elementor-icon-box-description\">\n\t\t\t\t\t\tEspacio para acomodar tu veh\u00edculo o embarcaci\u00f3n dentro del predio.\t\t\t\t\t<\/p>\n\t\t\t\t\n\t\t\t<\/div>\n\t\t\t\n\t\t<\/div>\n\t\t\t\t\t\t<\/div>\n\t\t\t\t<\/div>\n\t\t<div class=\"elementor-element elementor-element-3a45ecd e-con-full e-flex e-con e-child\" data-id=\"3a45ecd\" data-element_type=\"container\">\n\t\t\t\t<div class=\"elementor-element elementor-element-8ff1c11 elementor-widget elementor-widget-text-editor\" data-id=\"8ff1c11\" data-element_type=\"widget\" data-widget_type=\"text-editor.default\">\n\t\t\t\t\t\t\t\t\t<p>Reservas <a class=\"color-primary\" href=\"tel:087123456\">(+54) 9 11 4408 &#8211; 8383<\/a><\/p>\t\t\t\t\t\t\t\t<\/div>\n\t\t\t\t<div class=\"elementor-element elementor-element-f6bbdd8 elementor-button-type-link elementor-widget elementor-widget-button\" data-id=\"f6bbdd8\" data-element_type=\"widget\" data-widget_type=\"button.default\">\n\t\t\t\t\t\t\t\t\t\t<a class=\"elementor-button elementor-button-link elementor-size-sm\" href=\"mailto:%20info@deldique.com.ar\">\n\t\t\t\t\t\t<span class=\"elementor-button-content-wrapper\">\n\t\t\t\t\t\t\t\t\t<span class=\"elementor-button-text\">mail<\/span>\n\t\t\t\t\t<\/span>\n\t\t\t\t\t<\/a>\n\t\t\t\t\t\t\t\t<\/div>\n\t\t\t\t<\/div>\n\t\t\t\t\t<\/div>\n\t\t\t\t<\/div>\n\t\t\t\t<\/div>\n\t\t","protected":false},"excerpt":{"rendered":"<p>Nosotros Un lugar, mil sensaciones So\u00f1amos un lugar donde poder vivir y compartir momentos \u00fanicos con familia o amigos.Un lugar donde relajarse sin perder la posibilidad de divertirse con actividades que ofrece el lago y el entorno natural que nos rodea. Bienvenido! d\u00edas de experiencia 0 hu\u00e9spedes que nos visitaron 0 s\u00f3lo eleg\u00ed el momento [&hellip;]<\/p>\n","protected":false},"author":1,"featured_media":0,"parent":0,"menu_order":0,"comment_status":"closed","ping_status":"closed","template":"","meta":{"inline_featured_image":false,"footnotes":""},"class_list":["post-4282","page","type-page","status-publish","hentry"],"_links":{"self":[{"href":"https:\/\/www.deldique.com.ar\/cabaniasdeldique\/wp-json\/wp\/v2\/pages\/4282","targetHints":{"allow":["GET"]}}],"collection":[{"href":"https:\/\/www.deldique.com.ar\/cabaniasdeldique\/wp-json\/wp\/v2\/pages"}],"about":[{"href":"https:\/\/www.deldique.com.ar\/cabaniasdeldique\/wp-json\/wp\/v2\/types\/page"}],"author":[{"embeddable":true,"href":"https:\/\/www.deldique.com.ar\/cabaniasdeldique\/wp-json\/wp\/v2\/users\/1"}],"replies":[{"embeddable":true,"href":"https:\/\/www.deldique.com.ar\/cabaniasdeldique\/wp-json\/wp\/v2\/comments?post=4282"}],"version-history":[{"count":3,"href":"https:\/\/www.deldique.com.ar\/cabaniasdeldique\/wp-json\/wp\/v2\/pages\/4282\/revisions"}],"predecessor-version":[{"id":7118,"href":"https:\/\/www.deldique.com.ar\/cabaniasdeldique\/wp-json\/wp\/v2\/pages\/4282\/revisions\/7118"}],"wp:attachment":[{"href":"https:\/\/www.deldique.com.ar\/cabaniasdeldique\/wp-json\/wp\/v2\/media?parent=4282"}],"curies":[{"name":"wp","href":"https:\/\/api.w.org\/{rel}","templated":true}]}}