{"id":20,"date":"2012-09-21T17:39:26","date_gmt":"2012-09-21T17:39:26","guid":{"rendered":"http:\/\/www.deldique.com.ar\/cabaniasdeldique\/?page_id=20"},"modified":"2025-01-25T20:53:16","modified_gmt":"2025-01-25T23:53:16","slug":"como-llegar","status":"publish","type":"page","link":"https:\/\/www.deldique.com.ar\/cabaniasdeldique\/como-llegar\/","title":{"rendered":"Como Llegar"},"content":{"rendered":"\t\t<div data-elementor-type=\"wp-page\" data-elementor-id=\"20\" class=\"elementor elementor-20\">\n\t\t\t\t<div class=\"elementor-element elementor-element-4f0f98ab e-flex e-con-boxed e-con e-parent\" data-id=\"4f0f98ab\" data-element_type=\"container\">\n\t\t\t\t\t<div class=\"e-con-inner\">\n\t\t\t\t<div class=\"elementor-element elementor-element-6daf11dc elementor-widget elementor-widget-text-editor\" data-id=\"6daf11dc\" data-element_type=\"widget\" data-widget_type=\"text-editor.default\">\n\t\t\t\t\t\t\t\t\t<h2>Villa del Dique..<\/h2>\n<div>Se encuentra ubicada a 110 KM de la ciudad de C\u00f3rdoba en sentido suroeste. La Ruta Provincial N\u00b0 5 es la encargada de comunicar dicha localidad con la capital cordobesa que adem\u00e1s funciona como corredor tur\u00edstico.<\/div>\n<div><a href=\"http:\/\/www.deldique.com.ar\/cabaniasdeldique\/wp-content\/uploads\/2012\/09\/ruta5.gif\"><img fetchpriority=\"high\" decoding=\"async\" class=\"aligncenter size-medium wp-image-24\" title=\"ruta5\" src=\"http:\/\/www.deldique.com.ar\/cabaniasdeldique\/wp-content\/uploads\/2012\/09\/ruta5-244x300.gif\" alt=\"\" width=\"244\" height=\"300\" srcset=\"https:\/\/www.deldique.com.ar\/cabaniasdeldique\/wp-content\/uploads\/2012\/09\/ruta5-244x300.gif 244w, https:\/\/www.deldique.com.ar\/cabaniasdeldique\/wp-content\/uploads\/2012\/09\/ruta5.gif 748w\" sizes=\"(max-width: 244px) 100vw, 244px\" \/><\/a><\/div>\n<div>\u00a0<\/div>\n<div>\u00a0<\/div>\n<div>\n<p><strong><em>Viaje en Auto\u00a0<\/em><\/strong><strong>Por el Norte:\u00a0<\/strong>&#8211; Por la Ruta Provincial N\u00b0 5, desde la capital cordobesa, (camino por el alto).<\/p>\n<p><strong>Por el Sureste:<\/strong><\/p>\n<p>&#8211; Por la Ruta Nacional N\u00b0 8, desde Buenos Aires, Santa Fe, R\u00edo IV. Se accede a la provincia de C\u00f3rdoba por Arias y se contin\u00faa hasta R\u00edo IV. Al llegar a esta ciudad, se toma la Ruta Nacional N\u00b0 36 hacia el norte, hasta el empalme con la Ruta Provincial N\u00b0 5. Doblando hacia la izquierda se accede a Calamuchita, por la localidad de Embalse, la localidad siguiente es Villa del Dique.<\/p>\n<p>-Por la Ruta Nacional N\u00b0 9, desde Santa Fe, se accede a C\u00f3rdoba por Marcos Ju\u00e1rez hasta llegar a Villa Maria. En este punto se toma la Ruta Provincial N\u00b0 2 hasta R\u00edo III, donde se accede a la Ruta Provincial N\u00b0 5 que pasa por Almafuerte, Embalse y luego Villa del Dique.<\/p>\n<p>&#8211; Por la Ruta Nacional N\u00b0 7, desde la provincia de Buenos Aires y sur de Santa Fe, se accede a la Provincia de C\u00f3rdoba por Laboulaye hasta Vicu\u00f1a Mackena, all\u00ed se toma la Ruta Nacional N\u00b0 35 hasta R\u00edo IV. Luego se accede a la Ruta Nacional N\u00b0 36 hasta empalmar la Ruta Provincial N\u00b0 5 habiendo doblado a la izquierda, as\u00ed de esta manera se llega a Embalse, luego Villa del Dique.<\/p>\n<p>&#8211; Por la Ruta Provincial N\u00b0 6, desde Casilda ( Santa Fe ), se accede a C\u00f3rdoba pasando por Inriville, Justiniano Posse, Hernando, hasta llegar a R\u00edo III. Desde aqu\u00ed se toma hacia la localidad de Almafuerte empalmando de esta manera la Ruta Provincial N\u00b0 5, ingresando a la localidad de Embalse, luego Villa del Dique.<\/p>\n<p><strong><em>Viaje en Omnibus<\/em><\/strong><\/p>\n<p><strong>Desde Capital Federal<br \/><\/strong>&#8211; Chevalier Embalse 03571 &#8211; 485376 Bs. As. 011 &#8211; 48644196 &#8211; &#8211; Autotransporte San Juan &#8211; Mar del Plata- Embalse 03571 &#8211; 485243 Bs. As. 011 &#8211; 43158002<\/p>\n<p><strong>Ciudad de C\u00f3rdoba<br \/><\/strong>&#8211; Sierras de Calamuchita Embalse 03571 &#8211; 485683 C\u00f3rdoba 0351 &#8211; 4553176<\/p>\n<p>&#8211; Tus Embalse 03571 &#8211; 485376<\/p>\n<p>&#8211; Calacor (transp. diferencial) Embalse 03571 &#8211; 485956 C\u00f3rdoba 0351 &#8211; 4254502<\/p>\n<p style=\"display: inline !important;\"><strong><em>Viaje en Avi\u00f3n (a Ciudad de C\u00f3rdoba)<\/em><\/strong><\/p>\n<ul>\n<li>Aerolineas Argentina (AEROPUERTO) 0351 &#8211; 4255474<\/li>\n<li>Austral 0351 &#8211; 4267631 \/ 7635<\/li>\n<\/ul>\n<p style=\"display: inline !important;\"><em id=\"__mceDel\">Luego completar el recorrido a Villa del Dique con Empresa Lep o Valle de Calamuchita<\/em><\/p>\n<p style=\"display: inline !important;\"><em>\u00a0<\/em><\/p>\n<p><em id=\"__mceDel\"><em id=\"__mceDel\"><em id=\"__mceDel\"><em id=\"__mceDel\"><em id=\"__mceDel\"><em id=\"__mceDel\"><em id=\"__mceDel\">desde la Terminal de \u00d3mnibus de C\u00f3rdoba.<em id=\"__mceDel\"><br \/><\/em><\/em><\/em><\/em><\/em><\/em><\/em><\/em><\/p>\n<div>\n<p><em id=\"__mceDel\"> {\u00abtype\u00bb:\u00bbblock\u00bb,\u00bbsrcClientIds\u00bb:[\u00ab8173d79c-d229-49d7-9a44-488317590b53&#8243;],\u00bbsrcRootClientId\u00bb:\u00bb\u00bb}<\/em><\/p>\n<p><em id=\"__mceDel\">\u00a0<\/em><em id=\"__mceDel\"><strong>ACCESO AL PREDIO<\/strong><\/em><\/p>\n<\/div>\n<\/div>\n<div>\u00a0<\/div>\n<div><a href=\"http:\/\/www.deldique.com.ar\/cabaniasdeldique\/wp-content\/uploads\/2012\/09\/Mapa.jpg\"><img decoding=\"async\" class=\"aligncenter  wp-image-26\" title=\"Mapa\" src=\"http:\/\/www.deldique.com.ar\/cabaniasdeldique\/wp-content\/uploads\/2012\/09\/Mapa-300x156.jpg\" alt=\"\" width=\"400\" height=\"208\" srcset=\"https:\/\/www.deldique.com.ar\/cabaniasdeldique\/wp-content\/uploads\/2012\/09\/Mapa-300x156.jpg 300w, https:\/\/www.deldique.com.ar\/cabaniasdeldique\/wp-content\/uploads\/2012\/09\/Mapa-1024x533.jpg 1024w, https:\/\/www.deldique.com.ar\/cabaniasdeldique\/wp-content\/uploads\/2012\/09\/Mapa.jpg 1202w\" sizes=\"(max-width: 400px) 100vw, 400px\" \/><\/a><\/div>\n\n<p>\u00a0<\/p>\n\t\t\t\t\t\t\t\t<\/div>\n\t\t\t\t\t<\/div>\n\t\t\t\t<\/div>\n\t\t\t\t<\/div>\n\t\t","protected":false},"excerpt":{"rendered":"<p>Villa del Dique.. Se encuentra ubicada a 110 KM de la ciudad de C\u00f3rdoba en sentido suroeste. La Ruta Provincial N\u00b0 5 es la encargada de comunicar dicha localidad con la capital cordobesa que adem\u00e1s funciona como corredor tur\u00edstico. \u00a0 \u00a0 Viaje en Auto\u00a0Por el Norte:\u00a0&#8211; Por la Ruta Provincial N\u00b0 5, desde la capital [&hellip;]<\/p>\n","protected":false},"author":1,"featured_media":0,"parent":0,"menu_order":0,"comment_status":"closed","ping_status":"closed","template":"template-homepage.php","meta":{"inline_featured_image":false,"footnotes":""},"class_list":["post-20","page","type-page","status-publish","hentry"],"_links":{"self":[{"href":"https:\/\/www.deldique.com.ar\/cabaniasdeldique\/wp-json\/wp\/v2\/pages\/20","targetHints":{"allow":["GET"]}}],"collection":[{"href":"https:\/\/www.deldique.com.ar\/cabaniasdeldique\/wp-json\/wp\/v2\/pages"}],"about":[{"href":"https:\/\/www.deldique.com.ar\/cabaniasdeldique\/wp-json\/wp\/v2\/types\/page"}],"author":[{"embeddable":true,"href":"https:\/\/www.deldique.com.ar\/cabaniasdeldique\/wp-json\/wp\/v2\/users\/1"}],"replies":[{"embeddable":true,"href":"https:\/\/www.deldique.com.ar\/cabaniasdeldique\/wp-json\/wp\/v2\/comments?post=20"}],"version-history":[{"count":0,"href":"https:\/\/www.deldique.com.ar\/cabaniasdeldique\/wp-json\/wp\/v2\/pages\/20\/revisions"}],"wp:attachment":[{"href":"https:\/\/www.deldique.com.ar\/cabaniasdeldique\/wp-json\/wp\/v2\/media?parent=20"}],"curies":[{"name":"wp","href":"https:\/\/api.w.org\/{rel}","templated":true}]}}